{"id":5,"date":"2024-09-10T09:31:40","date_gmt":"2024-09-10T09:31:40","guid":{"rendered":"https:\/\/98cc7e2c322597790.temporary.link\/sitios\/citadelle\/?page_id=5"},"modified":"2025-10-20T11:15:42","modified_gmt":"2025-10-20T14:15:42","slug":"home","status":"publish","type":"page","link":"https:\/\/citadelle.uy\/sitio\/en\/","title":{"rendered":"Home"},"content":{"rendered":"<div class=\"wpb-content-wrapper\"><div data-vc-full-width=\"true\" data-vc-full-width-init=\"false\" class=\"vc_row wpb_row vc_row-fluid wpb_animate_when_almost_visible wpb_fadeInUp fadeInUp vc_custom_1730901969711 vc_row-has-fill\"><div class=\"column dt-sc-one-fifth first wpb_column vc_column_container vc_col-sm-1\/5\"><div class=\"vc_column-inner\"><div class=\"wpb_wrapper\"><\/div><\/div><\/div><div class=\"column dt-sc-three-fifth aligncenter wpb_column vc_column_container vc_col-sm-3\/5\"><div class=\"vc_column-inner\"><div class=\"wpb_wrapper\"><div class=\"ult-animation  ult-animate-viewport  ult-no-mobile\" data-animate=\"bounceIn\" data-animation-delay=\"0.5\" data-animation-duration=\"1\" data-animation-iteration=\"1\" style=\"opacity:0;\" data-opacity_start_effect=\"\"><h2 style=\"font-size: 42px;line-height: 60px;text-align: center\" class=\"vc_custom_heading\">At Citadelle, we aim to be a strategic partner, helping your business reach new heights.<\/h2><\/div><div class=\"ult-spacer spacer-69e1c125dc6d6\" data-id=\"69e1c125dc6d6\" data-height=\"30\" data-height-mobile=\"30\" data-height-tab=\"30\" data-height-tab-portrait=\"\" data-height-mobile-landscape=\"\" style=\"clear:both;display:block;\"><\/div><div class=\"ult-animation  ult-animate-viewport  ult-no-mobile\" data-animate=\"fadeInUp\" data-animation-delay=\"0.8\" data-animation-duration=\"1\" data-animation-iteration=\"1\" style=\"opacity:0;\" data-opacity_start_effect=\"\">\r\n\t<div class=\"wpb_text_column wpb_content_element  vc_custom_1730497444885\" >\r\n\t\t<div class=\"wpb_wrapper\">\r\n\t\t\t<p><span data-olk-copy-source=\"MessageBody\">We focus on what matters: smart decisions that optimize your results.<\/span><\/p>\n<p><span data-contrast=\"auto\">Because your success is our priority, we work alongside you, at your pace, with solutions tailored to your needs.\u00a0<\/span><span data-ccp-props=\"{}\">\u00a0<\/span><\/p>\n<p><b><span data-contrast=\"auto\">Our commitment is simple: to help you overcome challenges and seize every opportunity, ensuring that your business not only grows, but thrives sustainably.\u00a0<\/span><\/b><span data-ccp-props=\"{}\">\u00a0<\/span><\/p>\n<p><span data-ccp-props=\"{}\">\u00a0<\/span><\/p>\n\r\n\t\t<\/div>\r\n\t<\/div>\r\n<\/div><\/div><\/div><\/div><div class=\"column dt-sc-one-fifth wpb_column vc_column_container vc_col-sm-1\/5\"><div class=\"vc_column-inner\"><div class=\"wpb_wrapper\"><\/div><\/div><\/div><\/div><div class=\"vc_row-full-width vc_clearfix\"><\/div><div class=\"vc_row wpb_row vc_row-fluid vc_custom_1496234048342\"><div class=\"wpb_column vc_column_container vc_col-sm-12\"><div class=\"vc_column-inner\"><div class=\"wpb_wrapper\"><div class=\"ult-animation  ult-animate-viewport  ult-no-mobile\" data-animate=\"No Animation\" data-animation-delay=\"1.0\" data-animation-duration=\"1\" data-animation-iteration=\"1\" style=\"opacity:0;\" data-opacity_start_effect=\"\"><h2 style=\"font-size: 40px;text-align: center\" class=\"vc_custom_heading vc_custom_1730497467263\">Your Business is Our Motivation<\/h2>\r\n\t<div class=\"wpb_text_column wpb_content_element  vc_custom_1497339987613 aligncenter\" >\r\n\t\t<div class=\"wpb_wrapper\">\r\n\t\t\t<div class='dt-sc-small-separator'><\/div>\n\r\n\t\t<\/div>\r\n\t<\/div>\r\n<h3 style=\"font-size: 18px;color: #5c6265;text-align: center\" class=\"vc_custom_heading\">Trust, Commitment, Excellence<\/h3><\/div><div class=\"ult-spacer spacer-69e1c125dd210\" data-id=\"69e1c125dd210\" data-height=\"40\" data-height-mobile=\"40\" data-height-tab=\"40\" data-height-tab-portrait=\"\" data-height-mobile-landscape=\"\" style=\"clear:both;display:block;\"><\/div><div class=\"vc_row wpb_row vc_inner vc_row-fluid\"><div class=\"wpb_column vc_column_container vc_col-sm-4\"><div class=\"vc_column-inner\"><div class=\"wpb_wrapper\"><div class=\"ult-animation  ult-animate-viewport  ult-no-mobile\" data-animate=\"fadeIn\" data-animation-delay=\"0.8\" data-animation-duration=\"1\" data-animation-iteration=\"1\" style=\"opacity:0;\" data-opacity_start_effect=\"\"><div class='dt-sc-icon-box type5 no-icon-bg'><div class=\"icon-wrapper\"><img loading=\"lazy\" decoding=\"async\" width=\"96\" height=\"98\" src=\"https:\/\/citadelle.uy\/sitio\/wp-content\/uploads\/2024\/10\/acuerdo.png\" class=\"attachment-full\" alt=\"\" title=\"acuerdo\" \/><\/div><div class=\"icon-content\"><h4><a href='https:\/\/citadelle.uy\/sitio\/en\/areas-de-practica\/' title='Practice Areas' target='_self'>Corporate\/Mergers &amp; Acquisitions<\/a><\/h4><p><span data-olk-copy-source=\"MessageBody\">We offer comprehensive services in all areas of corporate and business law.<\/span><\/p><\/div><\/div><\/div><div class=\"ult-spacer spacer-69e1c125dda9c\" data-id=\"69e1c125dda9c\" data-height=\"60\" data-height-mobile=\"60\" data-height-tab=\"60\" data-height-tab-portrait=\"\" data-height-mobile-landscape=\"\" style=\"clear:both;display:block;\"><\/div><div class=\"ult-animation  ult-animate-viewport  ult-no-mobile\" data-animate=\"fadeIn\" data-animation-delay=\"1.7\" data-animation-duration=\"1\" data-animation-iteration=\"1\" style=\"opacity:0;\" data-opacity_start_effect=\"\"><div class='dt-sc-icon-box type5 no-icon-bg'><div class=\"icon-wrapper\"><img loading=\"lazy\" decoding=\"async\" width=\"96\" height=\"98\" src=\"https:\/\/citadelle.uy\/sitio\/wp-content\/uploads\/2024\/10\/balanza.png\" class=\"attachment-full\" alt=\"\" title=\"balanza\" \/><\/div><div class=\"icon-content\"><h4><a href='https:\/\/citadelle.uy\/sitio\/en\/areas-de-practica\/' title='Practice Areas' target='_self'>Dispute resolution<\/a><\/h4><p><span class=\"TextRun SCXW159334815 BCX0\" lang=\"ES-419\" xml:lang=\"ES-419\" data-contrast=\"auto\"><span class=\"NormalTextRun SCXW159334815 BCX0\"><span data-olk-copy-source=\"MessageBody\">We have a professional team with experience in ADR<\/span>\u00a0(Alternative Dispute Resolution) as well as in complex trials and arbitrations.<\/span><\/span><\/p><\/div><\/div><\/div><div class=\"ult-spacer spacer-69e1c125dddda\" data-id=\"69e1c125dddda\" data-height=\"60\" data-height-mobile=\"60\" data-height-tab=\"60\" data-height-tab-portrait=\"\" data-height-mobile-landscape=\"\" style=\"clear:both;display:block;\"><\/div><div class=\"ult-animation  ult-animate-viewport  ult-no-mobile\" data-animate=\"fadeIn\" data-animation-delay=\"1.7\" data-animation-duration=\"1\" data-animation-iteration=\"1\" style=\"opacity:0;\" data-opacity_start_effect=\"\"><div class='dt-sc-icon-box type5 no-icon-bg'><div class=\"icon-wrapper\"><img loading=\"lazy\" decoding=\"async\" width=\"96\" height=\"98\" src=\"https:\/\/citadelle.uy\/sitio\/wp-content\/uploads\/2024\/10\/accounting.png\" class=\"attachment-full\" alt=\"\" title=\"accounting\" \/><\/div><div class=\"icon-content\"><h4><a href='https:\/\/citadelle.uy\/sitio\/en\/areas-de-practica\/' title='Practice Areas' target='_self'>Outsourcing<\/a><\/h4><div class=\"flex-shrink-0 flex flex-col relative items-end\">\n<div class=\"pt-0\">\n<div class=\"gizmo-bot-avatar flex h-8 w-8 items-center justify-center overflow-hidden rounded-full\">\n<div class=\"relative p-1 rounded-sm flex items-center justify-center bg-token-main-surface-primary text-token-text-primary h-8 w-8\">We provide accounting, working capital, payroll, and financing structuring services.<\/div>\n<\/div>\n<\/div>\n<\/div><\/div><\/div><\/div><\/div><\/div><\/div><div class=\"wpb_column vc_column_container vc_col-sm-4\"><div class=\"vc_column-inner\"><div class=\"wpb_wrapper\"><div class=\"ult-animation  ult-animate-viewport  ult-no-mobile\" data-animate=\"fadeIn\" data-animation-delay=\"2.0\" data-animation-duration=\"1\" data-animation-iteration=\"1\" style=\"opacity:0;\" data-opacity_start_effect=\"\"><div class='dt-sc-icon-box type5 no-icon-bg'><div class=\"icon-wrapper\"><img loading=\"lazy\" decoding=\"async\" width=\"96\" height=\"98\" src=\"https:\/\/citadelle.uy\/sitio\/wp-content\/uploads\/2024\/10\/edificios.png\" class=\"attachment-full\" alt=\"\" title=\"edificios\" \/><\/div><div class=\"icon-content\"><h4><a href='https:\/\/citadelle.uy\/sitio\/en\/areas-de-practica\/' title='Practice Areas' target='_self'>Real Estate &amp; Project Finance<\/a><\/h4><p>We have extensive experience in the design, implementation and execution of real estate projects for local and international clients.<\/p><\/div><\/div><\/div><div class=\"ult-spacer spacer-69e1c125de5aa\" data-id=\"69e1c125de5aa\" data-height=\"60\" data-height-mobile=\"60\" data-height-tab=\"60\" data-height-tab-portrait=\"\" data-height-mobile-landscape=\"\" style=\"clear:both;display:block;\"><\/div><div class=\"ult-animation  ult-animate-viewport  ult-no-mobile\" data-animate=\"fadeIn\" data-animation-delay=\"1.1\" data-animation-duration=\"1\" data-animation-iteration=\"1\" style=\"opacity:0;\" data-opacity_start_effect=\"\"><div class='dt-sc-icon-box type5 no-icon-bg'><div class=\"icon-wrapper\"><img loading=\"lazy\" decoding=\"async\" width=\"96\" height=\"98\" src=\"https:\/\/citadelle.uy\/sitio\/wp-content\/uploads\/2024\/10\/vaca.png\" class=\"attachment-full\" alt=\"\" title=\"vaca\" \/><\/div><div class=\"icon-content\"><h4><a href='https:\/\/citadelle.uy\/sitio\/en\/areas-de-practica\/' title='Practice Areas' target='_self'>Agribusiness and farm purchase advisory services<\/a><\/h4><p><span data-olk-copy-source=\"MessageBody\">We advise companies in all areas of agribusiness.<\/span><\/p><\/div><\/div><\/div><div class=\"ult-spacer spacer-69e1c125de9dc\" data-id=\"69e1c125de9dc\" data-height=\"60\" data-height-mobile=\"60\" data-height-tab=\"60\" data-height-tab-portrait=\"\" data-height-mobile-landscape=\"\" style=\"clear:both;display:block;\"><\/div><div class=\"ult-animation  ult-animate-viewport  ult-no-mobile\" data-animate=\"fadeIn\" data-animation-delay=\"1.1\" data-animation-duration=\"1\" data-animation-iteration=\"1\" style=\"opacity:0;\" data-opacity_start_effect=\"\"><div class='dt-sc-icon-box type5 no-icon-bg'><div class=\"icon-wrapper\"><img loading=\"lazy\" decoding=\"async\" width=\"96\" height=\"98\" src=\"https:\/\/citadelle.uy\/sitio\/wp-content\/uploads\/2024\/11\/gestion_humana_2.png\" class=\"attachment-full\" alt=\"\" title=\"gestion_humana_2\" \/><\/div><div class=\"icon-content\"><h4><a href='https:\/\/citadelle.uy\/sitio\/en\/areas-de-practica\/' title='Practice Areas' target='_self'>Human Resources Consulting<\/a><\/h4><p><span data-olk-copy-source=\"MessageBody\">We offer specialized services, focusing on optimizing the performance of human capital and supporting our clients in the implementation of best practices in human resources.<\/span><\/p><\/div><\/div><\/div><\/div><\/div><\/div><div class=\"wpb_column vc_column_container vc_col-sm-4\"><div class=\"vc_column-inner\"><div class=\"wpb_wrapper\"><div class=\"ult-animation  ult-animate-viewport  ult-no-mobile\" data-animate=\"fadeIn\" data-animation-delay=\"2.0\" data-animation-duration=\"1\" data-animation-iteration=\"1\" style=\"opacity:0;\" data-opacity_start_effect=\"\"><div class='dt-sc-icon-box type5 no-icon-bg'><div class=\"icon-wrapper\"><img loading=\"lazy\" decoding=\"async\" width=\"96\" height=\"98\" src=\"https:\/\/citadelle.uy\/sitio\/wp-content\/uploads\/2024\/10\/inversion.png\" class=\"attachment-full\" alt=\"\" title=\"inversi\u00f3n\" \/><\/div><div class=\"icon-content\"><h4><a href='https:\/\/citadelle.uy\/sitio\/en\/areas-de-practica\/' title='Practice Areas' target='_self'>Investment Projects<\/a><\/h4><p><span data-olk-copy-source=\"MessageBody\">We assist our clients in the planning of their investments in order to maximize the tax benefits provided by the Investment Law and COMAP provisions.<\/span><\/p><\/div><\/div><\/div><div class=\"ult-spacer spacer-69e1c125df181\" data-id=\"69e1c125df181\" data-height=\"60\" data-height-mobile=\"60\" data-height-tab=\"60\" data-height-tab-portrait=\"\" data-height-mobile-landscape=\"\" style=\"clear:both;display:block;\"><\/div><div class=\"ult-animation  ult-animate-viewport  ult-no-mobile\" data-animate=\"fadeIn\" data-animation-delay=\"2.3\" data-animation-duration=\"1\" data-animation-iteration=\"1\" style=\"opacity:0;\" data-opacity_start_effect=\"\"><div class='dt-sc-icon-box type5 no-icon-bg'><div class=\"icon-wrapper\"><img loading=\"lazy\" decoding=\"async\" width=\"96\" height=\"98\" src=\"https:\/\/citadelle.uy\/sitio\/wp-content\/uploads\/2024\/10\/impuestos.png\" class=\"attachment-full\" alt=\"\" title=\"impuestos\" \/><\/div><div class=\"icon-content\"><h4><a href='https:\/\/citadelle.uy\/sitio\/en\/areas-de-practica\/' title='Practice Areas' target='_self'>Tax<\/a><\/h4><p><span data-olk-copy-source=\"MessageBody\">We offer tax consultancy services and represent clients in administrative and judicial disputes.<\/span><\/p><\/div><\/div><\/div><div class=\"ult-spacer spacer-69e1c125df4f4\" data-id=\"69e1c125df4f4\" data-height=\"60\" data-height-mobile=\"60\" data-height-tab=\"60\" data-height-tab-portrait=\"\" data-height-mobile-landscape=\"\" style=\"clear:both;display:block;\"><\/div><div class=\"ult-animation  ult-animate-viewport  ult-no-mobile\" data-animate=\"fadeIn\" data-animation-delay=\"2.3\" data-animation-duration=\"1\" data-animation-iteration=\"1\" style=\"opacity:0;\" data-opacity_start_effect=\"\"><div class='dt-sc-icon-box type5 no-icon-bg'><div class=\"icon-wrapper\"><img loading=\"lazy\" decoding=\"async\" width=\"96\" height=\"98\" src=\"https:\/\/citadelle.uy\/sitio\/wp-content\/uploads\/2024\/10\/rpa.png\" class=\"attachment-full\" alt=\"\" title=\"rpa\" \/><\/div><div class=\"icon-content\"><h4><a href='https:\/\/citadelle.uy\/sitio\/en\/areas-de-practica\/' title='Practice Areas' target='_self'>Process Automation Consulting<\/a><\/h4><div class=\"flex-shrink-0 flex flex-col relative items-end\">\n<div class=\"pt-0\">\n<div class=\"gizmo-bot-avatar flex h-8 w-8 items-center justify-center overflow-hidden rounded-full\">\n<div class=\"relative p-1 rounded-sm flex items-center justify-center bg-token-main-surface-primary text-token-text-primary h-8 w-8\">We automate processes with RPA and AI to improve efficiency, reduce errors and increase business productivity.<\/div>\n<\/div>\n<\/div>\n<\/div><\/div><\/div><\/div><\/div><\/div><\/div><\/div><\/div><\/div><\/div><\/div><div data-vc-full-width=\"true\" data-vc-full-width-init=\"false\" data-vc-stretch-content=\"true\" class=\"vc_row wpb_row vc_row-fluid vcr_float_right display-img-main vc_custom_1750256633205 vc_row-has-fill vc_row-no-padding vc_row-o-equal-height vc_row-o-content-middle vc_row-flex\"><div class=\"rs_col-sm-12 display-details wpb_column vc_column_container vc_col-sm-6\"><div class=\"vc_column-inner vc_custom_1496836383151\"><div class=\"wpb_wrapper\"><h2 style=\"font-size: 40px;text-align: left\" class=\"vc_custom_heading vc_custom_1729698569310\">Our Purpose<\/h2>\r\n\t<div class=\"wpb_text_column wpb_content_element\" >\r\n\t\t<div class=\"wpb_wrapper\">\r\n\t\t\t<div class='dt-sc-small-separator'><\/div>\n\r\n\t\t<\/div>\r\n\t<\/div>\r\n\r\n\t<div class=\"wpb_text_column wpb_content_element\" >\r\n\t\t<div class=\"wpb_wrapper\">\r\n\t\t\t<p><span data-contrast=\"auto\">We focus our expertise on providing strategic solutions that help our clients achieve their goals and enhance their businesses.\u00a0<\/span><span data-ccp-props=\"{&quot;335551550&quot;:6,&quot;335551620&quot;:6}\">\u00a0<\/span><span data-ccp-props=\"{&quot;335551550&quot;:6,&quot;335551620&quot;:6}\">\u00a0<\/span><\/p>\n<p><span data-contrast=\"auto\">We are dedicated to finding smart ways to generate concrete and sustainable results.\u00a0<\/span><span data-ccp-props=\"{&quot;335551550&quot;:6,&quot;335551620&quot;:6}\">\u00a0<\/span><span data-ccp-props=\"{&quot;335551550&quot;:6,&quot;335551620&quot;:6}\">\u00a0<\/span><\/p>\n<p><span data-contrast=\"auto\">We know that success depends on efficiency.<\/span><span data-ccp-props=\"{&quot;335551550&quot;:6,&quot;335551620&quot;:6}\">\u00a0<\/span><\/p>\n\r\n\t\t<\/div>\r\n\t<\/div>\r\n<div class=\"ult-spacer spacer-69e1c125dffd4\" data-id=\"69e1c125dffd4\" data-height=\"20\" data-height-mobile=\"20\" data-height-tab=\"20\" data-height-tab-portrait=\"\" data-height-mobile-landscape=\"\" style=\"clear:both;display:block;\"><\/div><div class=\"vc_row wpb_row vc_inner vc_row-fluid\"><div class=\"wpb_column vc_column_container vc_col-sm-6\"><div class=\"vc_column-inner vc_custom_1494473116755\"><div class=\"wpb_wrapper\"><div class='dt-sc-icon-box type2  no-icon'><div class=\"icon-content\"><h5>1.<\/h5><h4>Our commitment<\/h4><p><span class=\"TextRun SCXW259255577 BCX0\" lang=\"ES-419\" xml:lang=\"ES-419\" data-contrast=\"auto\"><span class=\"NormalTextRun SCXW259255577 BCX0\">We accompany<\/span><span class=\"NormalTextRun SCXW259255577 BCX0\">\u00a0our clients in every step of their growth, offering customized strategies that respond to their specific needs. <\/span><span class=\"NormalTextRun SCXW259255577 BCX0\">We believe in the importance of building long-term relationships based on trust and results that generate real impact.<\/span><\/span><\/p><\/div><\/div><\/div><\/div><\/div><div class=\"wpb_column vc_column_container vc_col-sm-6\"><div class=\"vc_column-inner vc_custom_1494473126805\"><div class=\"wpb_wrapper\"><div class='dt-sc-icon-box type2  no-icon'><div class=\"icon-content\"><h5>2.<\/h5><h4>Our approach<\/h4><p><span data-contrast=\"auto\">Identify opportunities to maximize performance. <\/span><span data-contrast=\"auto\">We analyze each situation carefully to implement precise actions to ensure tangible and sustainable success.<\/span><\/p><\/div><\/div><\/div><\/div><\/div><\/div><\/div><\/div><\/div><div class=\"rs_col-sm-12 wpb_column vc_column_container vc_col-sm-6 vc_col-has-fill\"><div class=\"vc_column-inner vc_custom_1750256655074\"><div class=\"wpb_wrapper\"><\/div><\/div><\/div><\/div><div class=\"vc_row-full-width vc_clearfix\"><\/div><div class=\"vc_row wpb_row vc_row-fluid vc_custom_1496382317122\"><div class=\"aligncenter wpb_column vc_column_container vc_col-sm-12\"><div class=\"vc_column-inner\"><div class=\"wpb_wrapper\"><h2 style=\"font-size: 40px;text-align: center\" class=\"vc_custom_heading vc_custom_1726665822627\">Our Team Section<\/h2>\r\n\t<div class=\"wpb_text_column wpb_content_element  vc_custom_1497340088363\" >\r\n\t\t<div class=\"wpb_wrapper\">\r\n\t\t\t<div class='dt-sc-small-separator'><\/div>\n\r\n\t\t<\/div>\r\n\t<\/div>\r\n<div class=\"vc_row wpb_row vc_inner vc_row-fluid\"><div class=\"wpb_column vc_column_container vc_col-sm-2\"><div class=\"vc_column-inner\"><div class=\"wpb_wrapper\"><\/div><\/div><\/div><div class=\"wpb_column vc_column_container vc_col-sm-8\"><div class=\"vc_column-inner\"><div class=\"wpb_wrapper\"><h3 style=\"font-size: 18px;color: #5c6265;text-align: center\" class=\"vc_custom_heading\">Our team is made up of passionate people who enjoy what they do. For us, work is more than a task; it's what inspires our creativity and drives us to collaborate every day to deliver the best.<\/h3><\/div><\/div><\/div><div class=\"wpb_column vc_column_container vc_col-sm-2\"><div class=\"vc_column-inner\"><div class=\"wpb_wrapper\"><\/div><\/div><\/div><\/div><div class=\"ult-spacer spacer-69e1c125e1090\" data-id=\"69e1c125e1090\" data-height=\"70\" data-height-mobile=\"70\" data-height-tab=\"70\" data-height-tab-portrait=\"\" data-height-mobile-landscape=\"\" style=\"clear:both;display:block;\"><\/div><\/div><\/div><\/div><\/div><div class=\"vc_row wpb_row vc_row-fluid vc_custom_1496382639146\"><div class=\"aligncenter wpb_column vc_column_container vc_col-sm-12\"><div class=\"vc_column-inner\"><div class=\"wpb_wrapper\"><div class=\"ult-spacer spacer-69e1c125e144d\" data-id=\"69e1c125e144d\" data-height=\"40\" data-height-mobile=\"40\" data-height-tab=\"40\" data-height-tab-portrait=\"\" data-height-mobile-landscape=\"\" style=\"clear:both;display:block;\"><\/div><div class=\"carousel_items\"><div class=\"dt-sc-carousel-wrapper dt_carousel\" data-visible=\"2\" data-scroll=\"1\" data-auto=\"true\" data-animation=\"none\"><div class='dt-sc-team hide-social-show-on-hover'><div class='dt-sc-team-thumb'><img loading=\"lazy\" decoding=\"async\" width=\"1000\" height=\"1000\" src=\"https:\/\/citadelle.uy\/sitio\/wp-content\/uploads\/2024\/10\/27092024-IMGL9295.webp\" class=\"attachment-full\" alt=\"\" title=\"27092024-IMGL9295\" srcset=\"https:\/\/citadelle.uy\/sitio\/wp-content\/uploads\/2024\/10\/27092024-IMGL9295.webp 1000w, https:\/\/citadelle.uy\/sitio\/wp-content\/uploads\/2024\/10\/27092024-IMGL9295-300x300.webp 300w, https:\/\/citadelle.uy\/sitio\/wp-content\/uploads\/2024\/10\/27092024-IMGL9295-150x150.webp 150w, https:\/\/citadelle.uy\/sitio\/wp-content\/uploads\/2024\/10\/27092024-IMGL9295-768x768.webp 768w\" sizes=\"auto, (max-width: 1000px) 100vw, 1000px\" \/><\/div><div class='dt-sc-team-details'><h4>Valent\u00edn Sorhuet<\/h4><h5>Founding Partner<\/h5><ul class='dt-sc-team-social rounded-square'><li><a class=\"fa fa-linkedin\" href=\"https:\/\/uy.linkedin.com\/in\/valent%C3%ADn-sorhuet-62158137\" title=\"Linkedin\"><\/a><\/li><\/ul><p><\/p><\/div><\/div><div class='dt-sc-team hide-social-show-on-hover'><div class='dt-sc-team-thumb'><img loading=\"lazy\" decoding=\"async\" width=\"1000\" height=\"1000\" src=\"https:\/\/citadelle.uy\/sitio\/wp-content\/uploads\/2024\/11\/27092024-IMGL9321-2.jpg\" class=\"attachment-full\" alt=\"\" title=\"27092024-IMGL9321 2\" srcset=\"https:\/\/citadelle.uy\/sitio\/wp-content\/uploads\/2024\/11\/27092024-IMGL9321-2.jpg 1000w, https:\/\/citadelle.uy\/sitio\/wp-content\/uploads\/2024\/11\/27092024-IMGL9321-2-300x300.jpg 300w, https:\/\/citadelle.uy\/sitio\/wp-content\/uploads\/2024\/11\/27092024-IMGL9321-2-150x150.jpg 150w, https:\/\/citadelle.uy\/sitio\/wp-content\/uploads\/2024\/11\/27092024-IMGL9321-2-768x768.jpg 768w, https:\/\/citadelle.uy\/sitio\/wp-content\/uploads\/2024\/11\/27092024-IMGL9321-2-12x12.jpg 12w\" sizes=\"auto, (max-width: 1000px) 100vw, 1000px\" \/><\/div><div class='dt-sc-team-details'><h4>Carlos Rodr\u00edguez Capurro<\/h4><h5>Founding Partner<\/h5><ul class='dt-sc-team-social rounded-square'><li><a class=\"fa fa-linkedin\" href=\"https:\/\/www.linkedin.com\/in\/carlos-mar%C3%ADa-rodr%C3%ADguez-capurro-8a36731\" title=\"Linkedin\"><\/a><\/li><\/ul><p><\/p><\/div><\/div><\/div><\/div><div class=\"ult-spacer spacer-69e1c125e1f86\" data-id=\"69e1c125e1f86\" data-height=\"40\" data-height-mobile=\"40\" data-height-tab=\"40\" data-height-tab-portrait=\"\" data-height-mobile-landscape=\"\" style=\"clear:both;display:block;\"><\/div><a href='https:\/\/citadelle.uy\/sitio\/en\/equipo\/' target='_self' title='Our Team' class='dt-sc-button   large   bordered  animated-button' > More from our team <\/a><\/div><\/div><\/div><\/div><div  style='background-attachment:fixed !important;' data-vc-full-width=\"true\" data-vc-full-width-init=\"false\" class=\"vc_row wpb_row vc_row-fluid dt-sc-dark-bg vc_custom_1728313600792 vc_row-has-fill\"><div class=\"wpb_column vc_column_container vc_col-sm-12\"><div class=\"vc_column-inner\" style=\" text-align:center; \"><div class=\"wpb_wrapper\"><h2 style=\"font-size: 40px;color: #ffffff;text-align: center\" class=\"vc_custom_heading color-change\">Do you want to join our team?<\/h2><a href='https:\/\/citadelle.uy\/sitio\/en\/trabaja-con-nosotros\/' target='_self' title='Work with us' class='dt-sc-button   large   bordered  animated-button' > Work with us <\/a><\/div><\/div><\/div><\/div><div class=\"vc_row-full-width vc_clearfix\"><\/div><div class=\"vc_row wpb_row vc_row-fluid vcr_float_right display-img-main vc_custom_1731762025895 vc_row-has-fill vc_row-o-equal-height vc_row-o-content-middle vc_row-flex\"><div class=\"rs_col-sm-12 display-details wpb_column vc_column_container vc_col-sm-6 vc_col-has-fill\"><div class=\"vc_column-inner vc_custom_1731761929666\"><div class=\"wpb_wrapper\"><div class=\"ult-spacer spacer-69e1c125e277a\" data-id=\"69e1c125e277a\" data-height=\"50\" data-height-mobile=\"50\" data-height-tab=\"50\" data-height-tab-portrait=\"\" data-height-mobile-landscape=\"\" style=\"clear:both;display:block;\"><\/div><h2 style=\"font-size: 40px;text-align: left\" class=\"vc_custom_heading vc_custom_1731761864084\">International Alliances<\/h2>\r\n\t<div class=\"wpb_text_column wpb_content_element\" >\r\n\t\t<div class=\"wpb_wrapper\">\r\n\t\t\t<div class='dt-sc-small-separator'><\/div>\n\r\n\t\t<\/div>\r\n\t<\/div>\r\n\r\n\t<div class=\"wpb_text_column wpb_content_element\" >\r\n\t\t<div class=\"wpb_wrapper\">\r\n\t\t\t<p>Our international alliances strengthen our ability to offer innovative and global solutions to our clients.<\/p>\n\r\n\t\t<\/div>\r\n\t<\/div>\r\n<\/div><\/div><\/div><div class=\"rs_col-sm-12 wpb_column vc_column_container vc_col-sm-6 vc_col-has-fill\"><div class=\"vc_column-inner vc_custom_1731761917566\"><div class=\"wpb_wrapper\"><div class=\"ult-spacer spacer-69e1c125e2ac0\" data-id=\"69e1c125e2ac0\" data-height=\"50\" data-height-mobile=\"50\" data-height-tab=\"50\" data-height-tab-portrait=\"\" data-height-mobile-landscape=\"\" style=\"clear:both;display:block;\"><\/div><img loading=\"lazy\" decoding=\"async\" width=\"284\" height=\"170\" src=\"https:\/\/citadelle.uy\/sitio\/wp-content\/uploads\/2024\/11\/laworld.png\" class=\"aligncenter attachment-full\" alt=\"\" title=\"laworld\" srcset=\"https:\/\/citadelle.uy\/sitio\/wp-content\/uploads\/2024\/11\/laworld.png 284w, https:\/\/citadelle.uy\/sitio\/wp-content\/uploads\/2024\/11\/laworld-18x12.png 18w\" sizes=\"auto, (max-width: 284px) 100vw, 284px\" \/><div class=\"ult-spacer spacer-69e1c125e2f25\" data-id=\"69e1c125e2f25\" data-height=\"50\" data-height-mobile=\"50\" data-height-tab=\"50\" data-height-tab-portrait=\"\" data-height-mobile-landscape=\"\" style=\"clear:both;display:block;\"><\/div><\/div><\/div><\/div><\/div>\n<\/div>","protected":false},"excerpt":{"rendered":"En Citadelle, queremos convertirnos en un socio estrat\u00e9gico para que tu negocio llegue m\u00e1s lejos. Nos enfocamos en lo que importa: decisiones inteligentes que optimizan tus resultados. Porque tu \u00e9xito es nuestra prioridad, trabajamos contigo, a tu ritmo y con soluciones hechas a medida.\u00a0\u00a0 Nuestro compromiso es simple: ayudarte a superar desaf\u00edos y aprovechar cada [...]","protected":false},"author":1,"featured_media":0,"parent":0,"menu_order":0,"comment_status":"closed","ping_status":"closed","template":"","meta":{"footnotes":""},"class_list":["post-5","page","type-page","status-publish","hentry"],"_links":{"self":[{"href":"https:\/\/citadelle.uy\/sitio\/en\/wp-json\/wp\/v2\/pages\/5","targetHints":{"allow":["GET"]}}],"collection":[{"href":"https:\/\/citadelle.uy\/sitio\/en\/wp-json\/wp\/v2\/pages"}],"about":[{"href":"https:\/\/citadelle.uy\/sitio\/en\/wp-json\/wp\/v2\/types\/page"}],"author":[{"embeddable":true,"href":"https:\/\/citadelle.uy\/sitio\/en\/wp-json\/wp\/v2\/users\/1"}],"replies":[{"embeddable":true,"href":"https:\/\/citadelle.uy\/sitio\/en\/wp-json\/wp\/v2\/comments?post=5"}],"version-history":[{"count":120,"href":"https:\/\/citadelle.uy\/sitio\/en\/wp-json\/wp\/v2\/pages\/5\/revisions"}],"predecessor-version":[{"id":9743,"href":"https:\/\/citadelle.uy\/sitio\/en\/wp-json\/wp\/v2\/pages\/5\/revisions\/9743"}],"wp:attachment":[{"href":"https:\/\/citadelle.uy\/sitio\/en\/wp-json\/wp\/v2\/media?parent=5"}],"curies":[{"name":"wp","href":"https:\/\/api.w.org\/{rel}","templated":true}]}}