{"id":5755,"date":"2024-10-29T08:45:20","date_gmt":"2024-10-29T08:45:20","guid":{"rendered":"http:\/\/wedesignthemes.com\/themes\/testdata\/?page_id=4527"},"modified":"2024-11-15T21:33:16","modified_gmt":"2024-11-15T21:33:16","slug":"areas-de-practica","status":"publish","type":"page","link":"https:\/\/citadelle.uy\/sitio\/en\/areas-de-practica\/","title":{"rendered":"Practice Areas"},"content":{"rendered":"<div class=\"wpb-content-wrapper\"><div class=\"vc_row wpb_row vc_row-fluid\"><div class=\"wpb_column vc_column_container vc_col-sm-12\"><div class=\"vc_column-inner\"><div class=\"wpb_wrapper\">\r\n\t<div class=\"wpb_text_column wpb_content_element  vc_custom_1729786947541 aligncenter\" >\r\n\t\t<div class=\"wpb_wrapper\">\r\n\t\t\t<div class='dt-sc-small-separator'><\/div>\n<h2>Practice Areas<\/h2>\n\r\n\t\t<\/div>\r\n\t<\/div>\r\n<div class='dt-sc-hr-invisible-xsmall'> <\/div><div class='dt-sc-tabs-vertical-frame-container type2'><ul class='dt-sc-tabs-vertical-frame'><li><a href=\"javascript:void(0);\">Corporate\/Mergers &amp; Acquisitions<\/a><\/li><li><a href=\"javascript:void(0);\">Real Estate &amp; Project Finance<\/a><\/li><li><a href=\"javascript:void(0);\">Investment Projects<\/a><\/li><li><a href=\"javascript:void(0);\">Agribusiness and farm purchase advisory services<\/a><\/li><li><a href=\"javascript:void(0);\">Dispute resolution<\/a><\/li><li><a href=\"javascript:void(0);\">Tax<\/a><\/li><li><a href=\"javascript:void(0);\">Outsourcing<\/a><\/li><li><a href=\"javascript:void(0);\">Human Resources Consulting<\/a><\/li><li><a href=\"javascript:void(0);\">Process Automation Consulting<\/a><\/li><li><a href=\"javascript:void(0);\">Audit Services<\/a><\/li><\/ul><div class='dt-sc-tabs-vertical-frame-content'>\r\n\t<div class=\"wpb_text_column wpb_content_element  vc_custom_1731706390099\" >\r\n\t\t<div class=\"wpb_wrapper\">\r\n\t\t\t<h3 id=\"coorporativo\"><span class=\"TextRun SCXW85572333 BCX0\" lang=\"ES-419\" xml:lang=\"ES-419\" data-contrast=\"auto\"><span class=\"NormalTextRun SCXW85572333 BCX0\">Corporate\/Mergers &amp; Acquisitions\u00a0<\/span><\/span><\/h3>\n<p><span data-contrast=\"auto\">We offer comprehensive services in all areas of corporate and business law.\u00a0<\/span><span data-ccp-props=\"{&quot;335551550&quot;:6,&quot;335551620&quot;:6}\">\u00a0<\/span><\/p>\n<p><span data-contrast=\"auto\">We advise companies on their incorporation and start-up, as well as on every corporate act required throughout their life. We also regulate relations among partners through shareholders' agreements.\u00a0<\/span><span data-ccp-props=\"{&quot;335551550&quot;:6,&quot;335551620&quot;:6}\">\u00a0<\/span><\/p>\n<p><span data-contrast=\"auto\">La experiencia de la firma es fundamental para el \u00e9xito de las transacciones, las cuales se estructuran de manera individual, atendiendo los resultados y hallazgos de los due diligence.<\/span><span data-ccp-props=\"{}\">\u00a0<\/span><\/p>\n<p><span data-contrast=\"auto\">We have experience in structuring transactions in sectors such as pharma, real estate, agribusiness, pharmaceutical chains, technology companies, the automotive industry, gaming, among others.<\/span><span data-ccp-props=\"{}\">\u00a0<\/span><\/p>\n<p><span data-contrast=\"auto\">On the administrative side, we support our clients in competitive processes such as auctions, tenders and price bids on a regular basis. We have overseen the presentation of bids, review of requirements in bidding processes and even the preparation of calls for tenders when assisting state entities.<\/span><span data-ccp-props=\"{}\">\u00a0<\/span><\/p>\n\r\n\t\t<\/div>\r\n\t<\/div>\r\n<\/div><div class='dt-sc-tabs-vertical-frame-content'>\r\n\t<div class=\"wpb_text_column wpb_content_element  vc_custom_1730931435475\" >\r\n\t\t<div class=\"wpb_wrapper\">\r\n\t\t\t<h3 id=\"real\"><span class=\"TextRun SCXW202363076 BCX0\" lang=\"ES-419\" xml:lang=\"ES-419\" data-contrast=\"auto\"><span class=\"NormalTextRun SCXW202363076 BCX0\">Real Estate &amp; Project <\/span><span class=\"NormalTextRun SpellingErrorV2Themed SCXW202363076 BCX0\">Finance<\/span><\/span><\/h3>\n<p><span data-contrast=\"auto\">We have more than 15 years of experience in developing real estate deals for our local and international clients.\u00a0<\/span><span data-ccp-props=\"{}\">\u00a0<\/span><\/p>\n<p><span data-contrast=\"auto\">To date, we have participated in the development of private neighborhoods, country clubs, as well as in the construction of building complexes, hotel complexes and rural farm complexes.<\/span><span data-ccp-props=\"{}\">\u00a0<\/span><\/p>\n<p><span data-contrast=\"auto\">Our advice includes the structuring of projects using the most appropriate instruments on a case-by-case basis. Many of these have been structured through trusts, to function as fundraising instruments and to order business among partners, facilitating the sale and marketing of the units.<\/span><span data-ccp-props=\"{}\">\u00a0<\/span><\/p>\n<p><span data-contrast=\"auto\">The presence of tax specialists in our team allows us to optimize the fiscal aspects of each project from the very first meeting with the client.<\/span><span data-ccp-props=\"{&quot;335559738&quot;:240,&quot;335559739&quot;:240}\">\u00a0<\/span><\/p>\n<p><span data-contrast=\"auto\">Over the years, we have collaborated with innovative ideas for the realization of new projects and have actively participated in the management of numerous deals for our clients.<\/span><span data-ccp-props=\"{&quot;335559738&quot;:240,&quot;335559739&quot;:240}\">\u00a0<\/span><\/p>\n\r\n\t\t<\/div>\r\n\t<\/div>\r\n<\/div><div class='dt-sc-tabs-vertical-frame-content'>\r\n\t<div class=\"wpb_text_column wpb_content_element  vc_custom_1730580443680\" >\r\n\t\t<div class=\"wpb_wrapper\">\r\n\t\t\t<h3><span class=\"TextRun SCXW95254646 BCX0\" lang=\"ES-419\" xml:lang=\"ES-419\" data-contrast=\"auto\"><span class=\"NormalTextRun SCXW95254646 BCX0\">Investment Projects<\/span><\/span><span class=\"EOP SCXW95254646 BCX0\" data-ccp-props=\"{}\">\u00a0<\/span><\/h3>\n<p class=\"x_MsoNormal\"><span data-olk-copy-source=\"MessageBody\">We develop investment projects under the Investment Law 16.906 and its Regulatory Decrees (No. 455\/2007), as well as in large-scale construction works (Decrees 138\/020 and 248\/023).\u00a0<\/span><\/p>\n<p class=\"x_MsoNormal\">In particular, we focus on projects under Law 18.795 on social housing, an area that has had a great development in conjunction with our real estate department.<\/p>\n<p class=\"x_MsoNormal\">We have carried out projects for the construction of grain storage plants, grain mills, building complexes and private neighborhoods, as well as wind farms and photovoltaic parks.<\/p>\n\r\n\t\t<\/div>\r\n\t<\/div>\r\n<\/div><div class='dt-sc-tabs-vertical-frame-content'>\r\n\t<div class=\"wpb_text_column wpb_content_element  vc_custom_1729787685868\" >\r\n\t\t<div class=\"wpb_wrapper\">\r\n\t\t\t<h3><span class=\"TextRun SCXW62238319 BCX0\" lang=\"ES-419\" xml:lang=\"ES-419\" data-contrast=\"auto\"><span class=\"NormalTextRun SCXW62238319 BCX0\">Agribusiness and farm purchase advisory services<\/span><\/span><span class=\"EOP SCXW62238319 BCX0\" data-ccp-props=\"{}\">\u00a0<\/span><\/h3>\n<p><span data-contrast=\"auto\">We advise agricultural companies operating in every sector of agribusiness.\u00a0<\/span><span data-ccp-props=\"{}\">\u00a0<\/span><\/p>\n<p><span data-contrast=\"auto\">Our clients include producers engaged in both livestock and agriculture.\u00a0<\/span><span data-ccp-props=\"{}\">\u00a0<\/span><\/p>\n<p><span data-contrast=\"auto\">We maintain a strong link with the rice industry, advising rice mills and producers in their day-to-day business. We have collaborated with producers and agribusinesses to make possible dam construction projects, allowing crops to be grown under irrigation.<\/span><span data-ccp-props=\"{}\">\u00a0<\/span><\/p>\n<p><span data-contrast=\"auto\">We advise several agribusinesses and distributors in their entire line of business, from access to credit to the elaboration of contracts for the commercialization and collection of products.\u00a0<\/span><span data-ccp-props=\"{}\">\u00a0<\/span><\/p>\n<p><span data-contrast=\"auto\">We collaborate with clients in all stages of the commercialization of live cattle and provide advisory services to brokers and consignees, supporting them in the structuring of guarantee trusts to offer legal security to their operations.<\/span><span data-ccp-props=\"{}\">\u00a0<\/span><\/p>\n<p><span data-contrast=\"auto\">Regarding the purchase of farmland, we work with experienced notaries, but our service goes beyond that. We have a nationwide network of contacts that allows us to advise our clients on all key aspects of the business related to the fields of their interest.<\/span><span data-ccp-props=\"{}\">\u00a0<\/span><\/p>\n<p><span data-contrast=\"auto\">Recently, we have advised foreign investment funds on the purchase of over 30 thousand hectares of farmland, to legally and fiscally structure their businesses and maximize their investment.\u00a0<\/span><span data-ccp-props=\"{}\">\u00a0<\/span><\/p>\n<p><span data-contrast=\"auto\">This experience has led to receiving requests from foreign clients to assist them with investments outside Uruguay, collaborating with colleagues in Paraguay, Argentina and Bolivia.<\/span><\/p>\n\r\n\t\t<\/div>\r\n\t<\/div>\r\n<\/div><div class='dt-sc-tabs-vertical-frame-content'>\r\n\t<div class=\"wpb_text_column wpb_content_element\" >\r\n\t\t<div class=\"wpb_wrapper\">\r\n\t\t\t<h3><span data-contrast=\"auto\"><span class=\"TextRun SCXW27227414 BCX0\" lang=\"ES-419\" xml:lang=\"ES-419\" data-contrast=\"auto\"><span class=\"NormalTextRun SCXW27227414 BCX0\">Dispute resolution<\/span><\/span><\/span><\/h3>\n<p><span data-olk-copy-source=\"MessageBody\">We have a professional team with experience in ADR<\/span>\u00a0(Alternative Dispute Resolution) as well as in complex trials and arbitrations.<\/p>\n<p><span data-contrast=\"auto\">Companies that receive regular advice benefit from a service aimed at both facilitating their operations and preventing future disputes, ensuring that they are in a good position should problems eventually arise.<\/span><span data-ccp-props=\"{}\">\u00a0<\/span><\/p>\n<p><span data-contrast=\"auto\">We handle lawsuits related to our clients' day-to-day activities in all departments of the country, supported by a network covering all 19 departments.<\/span><span data-ccp-props=\"{}\">\u00a0<\/span><\/p>\n<p><span data-contrast=\"auto\">We have represented Uruguayan clients in arbitrations in China (CIETAC) as well as in Miami and New York, covering a wide range of issues.<\/span><span data-ccp-props=\"{}\">\u00a0<\/span><\/p>\n<p><span data-contrast=\"auto\">We have members of our team who have been part of Uruguay's defense team in ICSID arbitrations in recent years.<\/span><span data-ccp-props=\"{}\">\u00a0<\/span><\/p>\n<p><span data-contrast=\"auto\">We understand that litigation training is essential for our lawyers, not only for the trial and arbitration experience, but also for the added value that this practice provides in their work in advising companies.<\/span><\/p>\n\r\n\t\t<\/div>\r\n\t<\/div>\r\n<\/div><div class='dt-sc-tabs-vertical-frame-content'>\r\n\t<div class=\"wpb_text_column wpb_content_element\" >\r\n\t\t<div class=\"wpb_wrapper\">\r\n\t\t\t<h3><span class=\"TextRun SCXW146960414 BCX0\" lang=\"ES-419\" xml:lang=\"ES-419\" data-contrast=\"auto\"><span class=\"NormalTextRun SCXW146960414 BCX0\">Tax<\/span><\/span><span class=\"EOP SCXW146960414 BCX0\" data-ccp-props=\"{}\">\u00a0<\/span><\/h3>\n<p class=\"x_MsoNormal\"><span data-olk-copy-source=\"MessageBody\">We have extensive experience in tax matters, and we specialize in highly complex advisory services, working together with public accountants and accountants with tax specialization.<\/span><\/p>\n<p class=\"x_MsoNormal\">Our main services include:<\/p>\n<ul type=\"disc\">\n<li class=\"x_MsoListParagraph\">Advice and planning for individuals<\/li>\n<li class=\"x_MsoListParagraph\">Advice on tax compliance for companies<\/li>\n<li class=\"x_MsoListParagraph\">Local and international tax planning<\/li>\n<li class=\"x_MsoListParagraph\">Comprehensive tax advice<\/li>\n<li class=\"x_MsoListParagraph\">Application of Double Taxation Treaties in force.<\/li>\n<li class=\"x_MsoListParagraph\">Obtaining tax benefits under the investment promotion regime.<\/li>\n<\/ul>\n\r\n\t\t<\/div>\r\n\t<\/div>\r\n<\/div><div class='dt-sc-tabs-vertical-frame-content'>\r\n\t<div class=\"wpb_text_column wpb_content_element\" >\r\n\t\t<div class=\"wpb_wrapper\">\r\n\t\t\t<h3><span class=\"TextRun SCXW37466710 BCX0\" lang=\"ES-419\" xml:lang=\"ES-419\" data-contrast=\"auto\"><span class=\"NormalTextRun SCXW37466710 BCX0\">Outsourcing<\/span><\/span><span class=\"EOP SCXW37466710 BCX0\" data-ccp-props=\"{}\">\u00a0<\/span><\/h3>\n<p><span data-contrast=\"auto\">Our team of accountants offers the following services:<\/span><span data-ccp-props=\"{&quot;335559738&quot;:240,&quot;335559739&quot;:240}\">\u00a0<\/span><\/p>\n<ul>\n<li data-leveltext=\"\uf0b7\" data-font=\"Symbol\" data-listid=\"10\" data-list-defn-props=\"{&quot;335552541&quot;:1,&quot;335559685&quot;:720,&quot;335559991&quot;:360,&quot;469769226&quot;:&quot;Symbol&quot;,&quot;469769242&quot;:&#091;8226&#093;,&quot;469777803&quot;:&quot;left&quot;,&quot;469777804&quot;:&quot;\uf0b7&quot;,&quot;469777815&quot;:&quot;hybridMultilevel&quot;}\" aria-setsize=\"-1\" data-aria-posinset=\"1\" data-aria-level=\"1\"><span data-contrast=\"auto\">Accounting and preparation of financial statements in accordance with current regulations.<\/span><span data-ccp-props=\"{}\">\u00a0<\/span><\/li>\n<\/ul>\n<ul>\n<li data-leveltext=\"\uf0b7\" data-font=\"Symbol\" data-listid=\"10\" data-list-defn-props=\"{&quot;335552541&quot;:1,&quot;335559685&quot;:720,&quot;335559991&quot;:360,&quot;469769226&quot;:&quot;Symbol&quot;,&quot;469769242&quot;:&#091;8226&#093;,&quot;469777803&quot;:&quot;left&quot;,&quot;469777804&quot;:&quot;\uf0b7&quot;,&quot;469777815&quot;:&quot;hybridMultilevel&quot;}\" aria-setsize=\"-1\" data-aria-posinset=\"2\" data-aria-level=\"1\"><span data-contrast=\"auto\">Payroll and payment of salaries of employees and suppliers.<\/span><span data-ccp-props=\"{}\">\u00a0<\/span><\/li>\n<\/ul>\n<ul>\n<li data-leveltext=\"\uf0b7\" data-font=\"Symbol\" data-listid=\"10\" data-list-defn-props=\"{&quot;335552541&quot;:1,&quot;335559685&quot;:720,&quot;335559991&quot;:360,&quot;469769226&quot;:&quot;Symbol&quot;,&quot;469769242&quot;:&#091;8226&#093;,&quot;469777803&quot;:&quot;left&quot;,&quot;469777804&quot;:&quot;\uf0b7&quot;,&quot;469777815&quot;:&quot;hybridMultilevel&quot;}\" aria-setsize=\"-1\" data-aria-posinset=\"3\" data-aria-level=\"1\"><span data-contrast=\"auto\">Invoicing on behalf of clients, control and administration of cash and cash equivalents, management of collections and payments, as well as preparation of accounting and preparation of financial and management reports.<\/span><span data-ccp-props=\"{}\">\u00a0<\/span><\/li>\n<\/ul>\n<ul>\n<li data-leveltext=\"\uf0b7\" data-font=\"Symbol\" data-listid=\"10\" data-list-defn-props=\"{&quot;335552541&quot;:1,&quot;335559685&quot;:720,&quot;335559991&quot;:360,&quot;469769226&quot;:&quot;Symbol&quot;,&quot;469769242&quot;:&#091;8226&#093;,&quot;469777803&quot;:&quot;left&quot;,&quot;469777804&quot;:&quot;\uf0b7&quot;,&quot;469777815&quot;:&quot;hybridMultilevel&quot;}\" aria-setsize=\"-1\" data-aria-posinset=\"4\" data-aria-level=\"1\"><span data-contrast=\"auto\">Carrying out the necessary controls in accordance with the outsourcing law.<\/span><span data-ccp-props=\"{}\">\u00a0<\/span><\/li>\n<\/ul>\n<ul>\n<li data-leveltext=\"\uf0b7\" data-font=\"Symbol\" data-listid=\"10\" data-list-defn-props=\"{&quot;335552541&quot;:1,&quot;335559685&quot;:720,&quot;335559991&quot;:360,&quot;469769226&quot;:&quot;Symbol&quot;,&quot;469769242&quot;:&#091;8226&#093;,&quot;469777803&quot;:&quot;left&quot;,&quot;469777804&quot;:&quot;\uf0b7&quot;,&quot;469777815&quot;:&quot;hybridMultilevel&quot;}\" aria-setsize=\"-1\" data-aria-posinset=\"5\" data-aria-level=\"1\"><span data-contrast=\"auto\">Tax optimization consulting, including the development of investment projects.<\/span><span data-ccp-props=\"{}\">\u00a0<\/span><\/li>\n<\/ul>\n<ul>\n<li data-leveltext=\"\uf0b7\" data-font=\"Symbol\" data-listid=\"10\" data-list-defn-props=\"{&quot;335552541&quot;:1,&quot;335559685&quot;:720,&quot;335559991&quot;:360,&quot;469769226&quot;:&quot;Symbol&quot;,&quot;469769242&quot;:&#091;8226&#093;,&quot;469777803&quot;:&quot;left&quot;,&quot;469777804&quot;:&quot;\uf0b7&quot;,&quot;469777815&quot;:&quot;hybridMultilevel&quot;}\" aria-setsize=\"-1\" data-aria-posinset=\"6\" data-aria-level=\"1\"><span data-contrast=\"auto\">Calculation of tax provisions.<\/span><span data-ccp-props=\"{}\">\u00a0<\/span><\/li>\n<\/ul>\n<p><span data-contrast=\"auto\">Our comprehensive outsourcing service includes invoice processing, management of collections, cash control and administration, accounting preparation, and the creation of financial and management reports.\u00a0<\/span><span data-ccp-props=\"{}\">\u00a0<\/span><\/p>\n<p><span data-contrast=\"auto\">We also offer temporary or permanent labor recruitment services through our payroll system, and we have human resources specialists for the recruitment of personnel.<\/span><span data-ccp-props=\"{}\">\u00a0<\/span><\/p>\n\r\n\t\t<\/div>\r\n\t<\/div>\r\n<\/div><div class='dt-sc-tabs-vertical-frame-content'>\r\n\t<div class=\"wpb_text_column wpb_content_element\" >\r\n\t\t<div class=\"wpb_wrapper\">\r\n\t\t\t<h3 class=\"x_elementtoproof\"><span data-olk-copy-source=\"MessageBody\">Human Resources Consulting<\/span><\/h3>\n<p class=\"x_elementtoproof\"><span data-olk-copy-source=\"MessageBody\"><br \/>\nWe offer specialized services, focusing on optimizing the performance of human capital and supporting our clients in the implementation of best practices in human resources. Our service is personalized, aligning ourselves with the objectives and needs of each organization to achieve a more efficient and positive work environment.<\/span><\/p>\n<p class=\"x_elementtoproof\">Our services include:<\/p>\n<ul type=\"disc\">\n<li class=\"x_MsoNormal\">Recruitment and selection<\/li>\n<li class=\"x_MsoNormal\">Job analysis and description<\/li>\n<li class=\"x_MsoNormal\">Organizational climate survey<\/li>\n<li class=\"x_MsoNormal\">Performance evaluations<\/li>\n<li class=\"x_MsoNormal\">Outplacement<\/li>\n<li class=\"x_MsoNormal\">Integral HR consulting<\/li>\n<\/ul>\n\r\n\t\t<\/div>\r\n\t<\/div>\r\n<\/div><div class='dt-sc-tabs-vertical-frame-content'>\r\n\t<div class=\"wpb_text_column wpb_content_element\" >\r\n\t\t<div class=\"wpb_wrapper\">\r\n\t\t\t<h3 data-pm-slice=\"1 1 &#091;&#093;\">Consultor\u00eda en automatizaci\u00f3n de procesos<\/h3>\n<p data-pm-slice=\"1 1 &#091;&#093;\">Process automation is key to optimize an organization's administrative and operational tasks, eliminating repetitive activities and improving overall efficiency. This approach frees up resources and allows you to focus on what really matters: innovation and business growth.<\/p>\n<p>We specialize in implementing RPA (robotic process automation) and Artificial Intelligence (AI) solutions that integrate seamlessly with existing systems. AI acts as a fundamental ally, enabling more advanced analytics, pattern prediction and the automation of complex decisions, taking efficiency to another level. Thanks to our experience and expertise, we can identify bottlenecks and opportunities for improvement, designing customized solutions that automate tasks such as invoice processing, bank reconciliations and report generation, among others. This not only reduces human error, but also speeds up execution times, increasing productivity.<\/p>\n<p>The approach is to work closely with the client's team, identifying specific needs and proposing a clear and effective action plan. We believe that technology should be an accessible tool, so the implementation process is geared towards enabling staff to adapt and take full advantage of the new capabilities.<\/p>\n<p>Automation is not only a technical tool, it is a strategy to transform the way a company operates. This consulting service seeks to help optimize processes and take productivity to the next level, driving success in an agile and efficient way.<\/p>\n\r\n\t\t<\/div>\r\n\t<\/div>\r\n<\/div><div class='dt-sc-tabs-vertical-frame-content'>\r\n\t<div class=\"wpb_text_column wpb_content_element\" >\r\n\t\t<div class=\"wpb_wrapper\">\r\n\t\t\t<h3><span data-contrast=\"auto\"><span class=\"TextRun SCXW126301707 BCX0\" lang=\"ES-419\" xml:lang=\"ES-419\" data-contrast=\"auto\"><span class=\"NormalTextRun SCXW126301707 BCX0\">Audit Services<\/span><\/span><\/span><\/h3>\n<p><span data-contrast=\"auto\">We have professionals trained in auditing covering various areas:<\/span><span data-ccp-props=\"{}\">\u00a0<\/span><\/p>\n<ul>\n<li data-leveltext=\"\uf0b7\" data-font=\"Symbol\" data-listid=\"9\" data-list-defn-props=\"{&quot;335552541&quot;:1,&quot;335559685&quot;:720,&quot;335559991&quot;:360,&quot;469769226&quot;:&quot;Symbol&quot;,&quot;469769242&quot;:&#091;8226&#093;,&quot;469777803&quot;:&quot;left&quot;,&quot;469777804&quot;:&quot;\uf0b7&quot;,&quot;469777815&quot;:&quot;hybridMultilevel&quot;}\" aria-setsize=\"-1\" data-aria-posinset=\"1\" data-aria-level=\"1\"><span data-contrast=\"auto\">Audit of Financial Statements.<\/span><span data-ccp-props=\"{}\">\u00a0<\/span><\/li>\n<\/ul>\n<ul>\n<li data-leveltext=\"\uf0b7\" data-font=\"Symbol\" data-listid=\"9\" data-list-defn-props=\"{&quot;335552541&quot;:1,&quot;335559685&quot;:720,&quot;335559991&quot;:360,&quot;469769226&quot;:&quot;Symbol&quot;,&quot;469769242&quot;:&#091;8226&#093;,&quot;469777803&quot;:&quot;left&quot;,&quot;469777804&quot;:&quot;\uf0b7&quot;,&quot;469777815&quot;:&quot;hybridMultilevel&quot;}\" aria-setsize=\"-1\" data-aria-posinset=\"2\" data-aria-level=\"1\"><span data-contrast=\"auto\">Limited Review Reports of Financial Statements.<\/span><span data-ccp-props=\"{}\">\u00a0<\/span><\/li>\n<\/ul>\n<ul>\n<li data-leveltext=\"\uf0b7\" data-font=\"Symbol\" data-listid=\"9\" data-list-defn-props=\"{&quot;335552541&quot;:1,&quot;335559685&quot;:720,&quot;335559991&quot;:360,&quot;469769226&quot;:&quot;Symbol&quot;,&quot;469769242&quot;:&#091;8226&#093;,&quot;469777803&quot;:&quot;left&quot;,&quot;469777804&quot;:&quot;\uf0b7&quot;,&quot;469777815&quot;:&quot;hybridMultilevel&quot;}\" aria-setsize=\"-1\" data-aria-posinset=\"3\" data-aria-level=\"1\"><span data-contrast=\"auto\">Previously agreed audit procedures.<\/span><span data-ccp-props=\"{}\">\u00a0<\/span><\/li>\n<\/ul>\n<ul>\n<li data-leveltext=\"\uf0b7\" data-font=\"Symbol\" data-listid=\"9\" data-list-defn-props=\"{&quot;335552541&quot;:1,&quot;335559685&quot;:720,&quot;335559991&quot;:360,&quot;469769226&quot;:&quot;Symbol&quot;,&quot;469769242&quot;:&#091;8226&#093;,&quot;469777803&quot;:&quot;left&quot;,&quot;469777804&quot;:&quot;\uf0b7&quot;,&quot;469777815&quot;:&quot;hybridMultilevel&quot;}\" aria-setsize=\"-1\" data-aria-posinset=\"4\" data-aria-level=\"1\"><span data-contrast=\"auto\">Review of administrative processes and internal control systems.<\/span><span data-ccp-props=\"{}\">\u00a0<\/span><\/li>\n<\/ul>\n<ul>\n<li data-leveltext=\"\uf0b7\" data-font=\"Symbol\" data-listid=\"9\" data-list-defn-props=\"{&quot;335552541&quot;:1,&quot;335559685&quot;:720,&quot;335559991&quot;:360,&quot;469769226&quot;:&quot;Symbol&quot;,&quot;469769242&quot;:&#091;8226&#093;,&quot;469777803&quot;:&quot;left&quot;,&quot;469777804&quot;:&quot;\uf0b7&quot;,&quot;469777815&quot;:&quot;hybridMultilevel&quot;}\" aria-setsize=\"-1\" data-aria-posinset=\"5\" data-aria-level=\"1\"><span data-contrast=\"auto\">Due diligence in the acquisition of companies.<\/span><span data-ccp-props=\"{}\">\u00a0<\/span><\/li>\n<\/ul>\n<ul>\n<li data-leveltext=\"\uf0b7\" data-font=\"Symbol\" data-listid=\"9\" data-list-defn-props=\"{&quot;335552541&quot;:1,&quot;335559685&quot;:720,&quot;335559991&quot;:360,&quot;469769226&quot;:&quot;Symbol&quot;,&quot;469769242&quot;:&#091;8226&#093;,&quot;469777803&quot;:&quot;left&quot;,&quot;469777804&quot;:&quot;\uf0b7&quot;,&quot;469777815&quot;:&quot;hybridMultilevel&quot;}\" aria-setsize=\"-1\" data-aria-posinset=\"6\" data-aria-level=\"1\"><span data-contrast=\"auto\">Consulting in internal processes and software development, as well as in new technologies and applied artificial intelligence.<\/span><span data-ccp-props=\"{}\">\u00a0<\/span><\/li>\n<\/ul>\n<p><span data-contrast=\"auto\">Our approach focuses on offering a comprehensive and personalized service, ensuring that each audit and consultancy is tailored to the specific needs of our clients, with the aim of optimizing their management and improving transparency in their operations.<\/span><span data-ccp-props=\"{&quot;335559738&quot;:240,&quot;335559739&quot;:240}\">\u00a0<\/span><\/p>\n\r\n\t\t<\/div>\r\n\t<\/div>\r\n<\/div><\/div><\/div><\/div><\/div><div class=\"wpb_column vc_column_container vc_col-sm-12\"><div class=\"vc_column-inner\"><div class=\"wpb_wrapper\"><div class='dt-sc-hr-invisible-small'> <\/div><\/div><\/div><\/div><\/div>\n<\/div>","protected":false},"excerpt":{"rendered":"\u00c1reas de Pr\u00e1ctica Corporativo\/Fusiones y AdquisicionesReal Estate &amp; Project FinanceProyectos de inversi\u00f3nAgronegocios y asesoramiento en la compra de camposResoluci\u00f3n de disputasImpuestosOutsourcingConsultor\u00eda en Gesti\u00f3n HumanaConsultor\u00eda en Automatizaci\u00f3n de ProcesosServicios de auditor\u00eda Corporativo\/Fusiones y Adquisiciones\u00a0 Ofrecemos servicios integrales en todas las \u00e1reas del derecho empresarial y de los negocios.\u00a0\u00a0 Asesoramos a las empresas en su constituci\u00f3n y [...]","protected":false},"author":1,"featured_media":0,"parent":0,"menu_order":0,"comment_status":"open","ping_status":"closed","template":"","meta":{"footnotes":""},"class_list":["post-5755","page","type-page","status-publish","hentry"],"_links":{"self":[{"href":"https:\/\/citadelle.uy\/sitio\/en\/wp-json\/wp\/v2\/pages\/5755","targetHints":{"allow":["GET"]}}],"collection":[{"href":"https:\/\/citadelle.uy\/sitio\/en\/wp-json\/wp\/v2\/pages"}],"about":[{"href":"https:\/\/citadelle.uy\/sitio\/en\/wp-json\/wp\/v2\/types\/page"}],"author":[{"embeddable":true,"href":"https:\/\/citadelle.uy\/sitio\/en\/wp-json\/wp\/v2\/users\/1"}],"replies":[{"embeddable":true,"href":"https:\/\/citadelle.uy\/sitio\/en\/wp-json\/wp\/v2\/comments?post=5755"}],"version-history":[{"count":18,"href":"https:\/\/citadelle.uy\/sitio\/en\/wp-json\/wp\/v2\/pages\/5755\/revisions"}],"predecessor-version":[{"id":9669,"href":"https:\/\/citadelle.uy\/sitio\/en\/wp-json\/wp\/v2\/pages\/5755\/revisions\/9669"}],"wp:attachment":[{"href":"https:\/\/citadelle.uy\/sitio\/en\/wp-json\/wp\/v2\/media?parent=5755"}],"curies":[{"name":"wp","href":"https:\/\/api.w.org\/{rel}","templated":true}]}}