{"id":9721,"date":"2025-04-16T19:35:18","date_gmt":"2025-04-16T22:35:18","guid":{"rendered":"https:\/\/citadelle.uy\/sitio\/?page_id=9721"},"modified":"2025-04-16T19:38:51","modified_gmt":"2025-04-16T22:38:51","slug":"alejandra-saiz","status":"publish","type":"page","link":"https:\/\/citadelle.uy\/sitio\/en\/alejandra-saiz\/","title":{"rendered":"Alejandra Saiz"},"content":{"rendered":"<div class=\"wpb-content-wrapper\"><div class=\"vc_row wpb_row vc_row-fluid\"><div class=\"aligncenter wpb_column vc_column_container vc_col-sm-12\"><div class=\"vc_column-inner\"><div class=\"wpb_wrapper\"><div class='dt-sc-hr-invisible-medium'> <\/div><div class='dt-sc-small-separator'><\/div><h2>Our Team Section<\/h2><div class='dt-sc-hr-invisible-small'> <\/div><div class='dt-sc-clear'> <\/div><\/div><\/div><\/div><\/div><div class=\"vc_row wpb_row vc_row-fluid\"><div class=\"wpb_column vc_column_container vc_col-sm-6\"><div class=\"vc_column-inner\"><div class=\"wpb_wrapper\"><div class='dt-sc-hr-invisible-small'> <\/div><div class='dt-sc-team'><div class='dt-sc-team-thumb'><img loading=\"lazy\" decoding=\"async\" width=\"1258\" height=\"1258\" src=\"https:\/\/citadelle.uy\/sitio\/wp-content\/uploads\/2025\/04\/Imagen-de-WhatsApp-2025-04-11-a-las-12.59.35_93c7eedd.jpg\" class=\"attachment-full\" alt=\"\" title=\"Imagen de WhatsApp 2025-04-11 a las 12.59.35_93c7eedd\" srcset=\"https:\/\/citadelle.uy\/sitio\/wp-content\/uploads\/2025\/04\/Imagen-de-WhatsApp-2025-04-11-a-las-12.59.35_93c7eedd.jpg 1258w, https:\/\/citadelle.uy\/sitio\/wp-content\/uploads\/2025\/04\/Imagen-de-WhatsApp-2025-04-11-a-las-12.59.35_93c7eedd-300x300.jpg 300w, https:\/\/citadelle.uy\/sitio\/wp-content\/uploads\/2025\/04\/Imagen-de-WhatsApp-2025-04-11-a-las-12.59.35_93c7eedd-1024x1024.jpg 1024w, https:\/\/citadelle.uy\/sitio\/wp-content\/uploads\/2025\/04\/Imagen-de-WhatsApp-2025-04-11-a-las-12.59.35_93c7eedd-150x150.jpg 150w, https:\/\/citadelle.uy\/sitio\/wp-content\/uploads\/2025\/04\/Imagen-de-WhatsApp-2025-04-11-a-las-12.59.35_93c7eedd-768x768.jpg 768w, https:\/\/citadelle.uy\/sitio\/wp-content\/uploads\/2025\/04\/Imagen-de-WhatsApp-2025-04-11-a-las-12.59.35_93c7eedd-12x12.jpg 12w\" sizes=\"auto, (max-width: 1258px) 100vw, 1258px\" \/><\/div><div class='dt-sc-team-details'><h4>Alejandra Saiz <\/h4><h5>Lawyer<\/h5><p><\/p><\/div><\/div><div class='dt-sc-hr-invisible-small'> <\/div><\/div><\/div><\/div><div class=\"wpb_column vc_column_container vc_col-sm-6\"><div class=\"vc_column-inner\"><div class=\"wpb_wrapper\">\r\n\t<div class=\"wpb_text_column wpb_content_element\" >\r\n\t\t<div class=\"wpb_wrapper\">\r\n\t\t\t<h2><span data-contrast=\"none\">Alejandra Saiz<\/span><span data-ccp-props=\"{}\">\u00a0<\/span><\/h2>\n<h4><span data-contrast=\"none\">Dra. en Derecho y Ciencias Sociales <\/span><span data-ccp-props=\"{}\">\u00a0<\/span><\/h4>\n<p><span data-contrast=\"none\">Alejandra es Doctora en Derecho y Ciencias Sociales egresada de la Universidad de la Rep\u00fablica en 2012, y posee un Postgrado en Asesoramiento Corporativo de la Universidad de Montevideo. Curs\u00f3 una Diplomatura Internacional en Protecci\u00f3n de Datos Personales y Delegado de Protecci\u00f3n de Datos de la Universidad de San Andr\u00e9s (Buenos Aires, Argentina).<\/span><span data-ccp-props=\"{}\">\u00a0<\/span><\/p>\n<p><span data-contrast=\"none\">Desarrolla su actividad en el \u00e1rea contenciosa, asesorando a personas y empresas para garantizar la defensa eficaz de sus intereses. Adem\u00e1s, brinda asesoramiento corporativo, con un enfoque especial en pr\u00e1cticas y procedimientos de protecci\u00f3n de datos, redactando pol\u00edticas y estructurando transacciones comerciales conforme a la normativa vigente.<\/span><span data-ccp-props=\"{}\">\u00a0<\/span><\/p>\n<p><span data-contrast=\"none\">Es reconocida por su enfoque detallado y su capacidad para ofrecer soluciones integrales y pr\u00e1cticas a sus clientes.<\/span><span data-ccp-props=\"{}\">\u00a0<\/span><\/p>\n\r\n\t\t<\/div>\r\n\t<\/div>\r\n<\/div><\/div><\/div><\/div><div class=\"vc_row wpb_row vc_row-fluid\"><div class=\"wpb_column vc_column_container vc_col-sm-12\"><div class=\"vc_column-inner\"><div class=\"wpb_wrapper\"><div class='dt-sc-hr-invisible-medium'> <\/div><div class='dt-sc-hr-invisible-medium'> <\/div><\/div><\/div><\/div><\/div>\n<\/div>","protected":false},"excerpt":{"rendered":"Conoce Nuestro Equipo Alejandra Saiz Dra. en Derecho y Cc. Sociales Alejandra Saiz\u00a0 Dra. en Derecho y Ciencias Sociales \u00a0 Alejandra es Doctora en Derecho y Ciencias Sociales egresada de la Universidad de la Rep\u00fablica en 2012, y posee un Postgrado en Asesoramiento Corporativo de la Universidad de Montevideo. Curs\u00f3 una Diplomatura Internacional en Protecci\u00f3n [...]","protected":false},"author":1,"featured_media":0,"parent":0,"menu_order":0,"comment_status":"open","ping_status":"closed","template":"","meta":{"footnotes":""},"class_list":["post-9721","page","type-page","status-publish","hentry"],"_links":{"self":[{"href":"https:\/\/citadelle.uy\/sitio\/en\/wp-json\/wp\/v2\/pages\/9721","targetHints":{"allow":["GET"]}}],"collection":[{"href":"https:\/\/citadelle.uy\/sitio\/en\/wp-json\/wp\/v2\/pages"}],"about":[{"href":"https:\/\/citadelle.uy\/sitio\/en\/wp-json\/wp\/v2\/types\/page"}],"author":[{"embeddable":true,"href":"https:\/\/citadelle.uy\/sitio\/en\/wp-json\/wp\/v2\/users\/1"}],"replies":[{"embeddable":true,"href":"https:\/\/citadelle.uy\/sitio\/en\/wp-json\/wp\/v2\/comments?post=9721"}],"version-history":[{"count":2,"href":"https:\/\/citadelle.uy\/sitio\/en\/wp-json\/wp\/v2\/pages\/9721\/revisions"}],"predecessor-version":[{"id":9724,"href":"https:\/\/citadelle.uy\/sitio\/en\/wp-json\/wp\/v2\/pages\/9721\/revisions\/9724"}],"wp:attachment":[{"href":"https:\/\/citadelle.uy\/sitio\/en\/wp-json\/wp\/v2\/media?parent=9721"}],"curies":[{"name":"wp","href":"https:\/\/api.w.org\/{rel}","templated":true}]}}