{"id":9462,"date":"2024-11-01T18:19:56","date_gmt":"2024-11-01T18:19:56","guid":{"rendered":"https:\/\/98cc7e2c322597790.temporary.link\/sitios\/citadelle\/?page_id=9462"},"modified":"2024-11-19T01:24:20","modified_gmt":"2024-11-19T04:24:20","slug":"valentin-sorhuet","status":"publish","type":"page","link":"https:\/\/citadelle.uy\/sitio\/valentin-sorhuet\/","title":{"rendered":"Valent\u00edn Sorhuet"},"content":{"rendered":"<div class=\"wpb-content-wrapper\"><div class=\"vc_row wpb_row vc_row-fluid\"><div class=\"aligncenter wpb_column vc_column_container vc_col-sm-12\"><div class=\"vc_column-inner \"><div class=\"wpb_wrapper\"><div class='dt-sc-hr-invisible-medium '> <\/div><div class='dt-sc-small-separator '><\/div><h2>Conoce Nuestro Equipo<\/h2><div class='dt-sc-hr-invisible-small '> <\/div><div class='dt-sc-clear '> <\/div><\/div><\/div><\/div><\/div><div class=\"vc_row wpb_row vc_row-fluid\"><div class=\"wpb_column vc_column_container vc_col-sm-6\"><div class=\"vc_column-inner \"><div class=\"wpb_wrapper\"><div class='dt-sc-hr-invisible-small '> <\/div><div class='dt-sc-team  '><div class='dt-sc-team-thumb'><img loading=\"lazy\" decoding=\"async\" width=\"1000\" height=\"1000\" src=\"https:\/\/citadelle.uy\/sitio\/wp-content\/uploads\/2024\/10\/27092024-IMGL9295.webp\" class=\"attachment-full\" alt=\"\" title=\"27092024-IMGL9295\" srcset=\"https:\/\/citadelle.uy\/sitio\/wp-content\/uploads\/2024\/10\/27092024-IMGL9295.webp 1000w, https:\/\/citadelle.uy\/sitio\/wp-content\/uploads\/2024\/10\/27092024-IMGL9295-300x300.webp 300w, https:\/\/citadelle.uy\/sitio\/wp-content\/uploads\/2024\/10\/27092024-IMGL9295-150x150.webp 150w, https:\/\/citadelle.uy\/sitio\/wp-content\/uploads\/2024\/10\/27092024-IMGL9295-768x768.webp 768w\" sizes=\"auto, (max-width: 1000px) 100vw, 1000px\" \/><\/div><div class='dt-sc-team-details'><h4>Valent\u00edn Sorhuet<\/h4><h5>Socio Fundador<\/h5><ul class='dt-sc-team-social hexagon-border'><li><a class=\"fa fa-linkedin\" href=\"#\" title=\"Linkedin\"><\/a><\/li><\/ul><p><\/p><\/div><\/div><div class='dt-sc-hr-invisible-small '> <\/div><\/div><\/div><\/div><div class=\"wpb_column vc_column_container vc_col-sm-6\"><div class=\"vc_column-inner \"><div class=\"wpb_wrapper\">\r\n\t<div class=\"wpb_text_column wpb_content_element \" >\r\n\t\t<div class=\"wpb_wrapper\">\r\n\t\t\t<h2><b><span data-contrast=\"none\">Valent\u00edn Sorhuet<\/span><\/b><span data-contrast=\"none\">\u00a0<\/span><span data-ccp-props=\"{}\">\u00a0<\/span><\/h2>\n<h4><span data-contrast=\"none\">Socio Fundador<\/span><span data-ccp-props=\"{}\">\u00a0<\/span><\/h4>\n<p>Cofunda con <strong>Carlos Rodr\u00edguez Capurro<\/strong> <strong>Citadelle Legal\/Tax &amp; Accounting<\/strong>, despu\u00e9s de 11 a\u00f1os como socio en Estudio Blanco &amp; Etcheverry y 10 a\u00f1os como profesional asociado en Estudio Guyer &amp; Regules.<\/p>\n<p>Es hace m\u00e1s de una d\u00e9cada profesor titular de la c\u00e1tedra de Impuestos en Universidad ORT.<\/p>\n<p>Valent\u00edn es Contador P\u00fablico por la Facultad de Ciencias Econ\u00f3micas de la Universidad de la Rep\u00fablica Oriental del Uruguay (2007) y cuenta con un m\u00e1ster en Impuestos y Contabilidad por Universidad ORT (2012).<\/p>\n<p>Cuenta con m\u00e1s de 20 a\u00f1os de experiencia en el asesoramiento para clientes locales e internacionales en temas fiscales, financieros y contables.<\/p>\n<p>Con especial expertise en <strong>transacciones transfronterizas<\/strong>, procesos de <strong>Due Diligence<\/strong>, <strong>fusiones y adquisiciones<\/strong>, <strong>estructuraci\u00f3n fiscal internacional<\/strong>, as\u00ed como en el <strong>desembarco de operaciones en Uruguay para clientes no residentes<\/strong>.<\/p>\n<p>Ha sido <strong>conferencista<\/strong> sobre temas tributarios en paneles locales e internacionales y publicado diversos art\u00edculos.<\/p>\n<p>Desde el a\u00f1o 2021 integra el Consejo Directivo del Instituto Uruguayo de Estudios Tributarios.<\/p>\n<p>Es miembro de la International Fiscal Association y del Colegio de Contadores, Econom\u00edas y Administradores del Uruguay.<\/p>\n\r\n\t\t<\/div>\r\n\t<\/div>\r\n<\/div><\/div><\/div><\/div><div class=\"vc_row wpb_row vc_row-fluid\"><div class=\"wpb_column vc_column_container vc_col-sm-12\"><div class=\"vc_column-inner \"><div class=\"wpb_wrapper\"><div class='dt-sc-hr-invisible-medium '> <\/div><div class='dt-sc-hr-invisible-medium '> <\/div><\/div><\/div><\/div><\/div>\n<\/div>","protected":false},"excerpt":{"rendered":"Conoce Nuestro Equipo Valent\u00edn SorhuetSocio Fundador Valent\u00edn Sorhuet\u00a0\u00a0 Socio Fundador\u00a0 Cofunda con Carlos Rodr\u00edguez Capurro Citadelle Legal\/Tax &amp; Accounting, despu\u00e9s de 11 a\u00f1os como socio en Estudio Blanco &amp; Etcheverry y 10 a\u00f1os como profesional asociado en Estudio Guyer &amp; Regules. Es hace m\u00e1s de una d\u00e9cada profesor titular de la c\u00e1tedra de Impuestos en [...]","protected":false},"author":1,"featured_media":0,"parent":0,"menu_order":0,"comment_status":"open","ping_status":"closed","template":"","meta":{"footnotes":""},"class_list":["post-9462","page","type-page","status-publish","hentry"],"_links":{"self":[{"href":"https:\/\/citadelle.uy\/sitio\/wp-json\/wp\/v2\/pages\/9462","targetHints":{"allow":["GET"]}}],"collection":[{"href":"https:\/\/citadelle.uy\/sitio\/wp-json\/wp\/v2\/pages"}],"about":[{"href":"https:\/\/citadelle.uy\/sitio\/wp-json\/wp\/v2\/types\/page"}],"author":[{"embeddable":true,"href":"https:\/\/citadelle.uy\/sitio\/wp-json\/wp\/v2\/users\/1"}],"replies":[{"embeddable":true,"href":"https:\/\/citadelle.uy\/sitio\/wp-json\/wp\/v2\/comments?post=9462"}],"version-history":[{"count":3,"href":"https:\/\/citadelle.uy\/sitio\/wp-json\/wp\/v2\/pages\/9462\/revisions"}],"predecessor-version":[{"id":9703,"href":"https:\/\/citadelle.uy\/sitio\/wp-json\/wp\/v2\/pages\/9462\/revisions\/9703"}],"wp:attachment":[{"href":"https:\/\/citadelle.uy\/sitio\/wp-json\/wp\/v2\/media?parent=9462"}],"curies":[{"name":"wp","href":"https:\/\/api.w.org\/{rel}","templated":true}]}}