{"id":9463,"date":"2024-11-01T18:20:40","date_gmt":"2024-11-01T18:20:40","guid":{"rendered":"https:\/\/98cc7e2c322597790.temporary.link\/sitios\/citadelle\/?page_id=9463"},"modified":"2024-11-01T18:33:22","modified_gmt":"2024-11-01T18:33:22","slug":"maria-veronica-duarte-garcia","status":"publish","type":"page","link":"https:\/\/citadelle.uy\/sitio\/maria-veronica-duarte-garcia\/","title":{"rendered":"Mar\u00eda Ver\u00f3nica Duarte Garc\u00eda"},"content":{"rendered":"<div class=\"wpb-content-wrapper\"><div class=\"vc_row wpb_row vc_row-fluid\"><div class=\"aligncenter wpb_column vc_column_container vc_col-sm-12\"><div class=\"vc_column-inner \"><div class=\"wpb_wrapper\"><div class='dt-sc-hr-invisible-medium '> <\/div><div class='dt-sc-small-separator '><\/div><h2>Conoce Nuestro Equipo<\/h2><div class='dt-sc-hr-invisible-small '> <\/div><div class='dt-sc-clear '> <\/div><\/div><\/div><\/div><\/div><div class=\"vc_row wpb_row vc_row-fluid\"><div class=\"wpb_column vc_column_container vc_col-sm-6\"><div class=\"vc_column-inner \"><div class=\"wpb_wrapper\"><div class='dt-sc-hr-invisible-small '> <\/div><div class='dt-sc-team  '><div class='dt-sc-team-thumb'><img loading=\"lazy\" decoding=\"async\" width=\"1000\" height=\"1000\" src=\"https:\/\/citadelle.uy\/sitio\/wp-content\/uploads\/2024\/11\/27092024-IMGL9504.jpg\" class=\"attachment-full\" alt=\"\" title=\"27092024-IMGL9504\" srcset=\"https:\/\/citadelle.uy\/sitio\/wp-content\/uploads\/2024\/11\/27092024-IMGL9504.jpg 1000w, https:\/\/citadelle.uy\/sitio\/wp-content\/uploads\/2024\/11\/27092024-IMGL9504-300x300.jpg 300w, https:\/\/citadelle.uy\/sitio\/wp-content\/uploads\/2024\/11\/27092024-IMGL9504-150x150.jpg 150w, https:\/\/citadelle.uy\/sitio\/wp-content\/uploads\/2024\/11\/27092024-IMGL9504-768x768.jpg 768w\" sizes=\"auto, (max-width: 1000px) 100vw, 1000px\" \/><\/div><div class='dt-sc-team-details'><h4>Mar\u00eda Ver\u00f3nica Duarte Garc\u00eda<\/h4><h5>Dra. en Derecho y Cc. Sociales<\/h5><p><\/p><\/div><\/div><div class='dt-sc-hr-invisible-small '> <\/div><\/div><\/div><\/div><div class=\"wpb_column vc_column_container vc_col-sm-6\"><div class=\"vc_column-inner \"><div class=\"wpb_wrapper\">\r\n\t<div class=\"wpb_text_column wpb_content_element \" >\r\n\t\t<div class=\"wpb_wrapper\">\r\n\t\t\t<h2><span data-contrast=\"none\">Mar\u00eda Ver\u00f3nica Duarte Garc\u00eda <\/span><span data-ccp-props=\"{}\">\u00a0<\/span><\/h2>\n<h4><span data-contrast=\"none\">Dra. en Derecho y Ciencias Sociales <\/span><span data-ccp-props=\"{}\">\u00a0<\/span><\/h4>\n<p><strong>Mar\u00eda Ver\u00f3nica<\/strong> cuenta con experiencia de m\u00e1s de 15 a\u00f1os asesorando empresas en el sector p\u00fablico y privado. Es Abogada egresada de la Universidad de la Rep\u00fablica de Uruguay y M\u00e1ster en Derecho y T\u00e9cnica Tributaria por la Universidad de Montevideo (Uruguay).<\/p>\n<p>Tras haber trabajado en una importante firma auditora asesorando empresas en planificaci\u00f3n fiscal, recibi\u00f3 formaci\u00f3n especializada en Fideicomisos, habiendo participado en la estructuraci\u00f3n de Fideicomisos de Derecho P\u00fablico para el desarrollo de obras de Infraestructura para el Estado Central y Gobiernos Departamentales, as\u00ed como de Fideicomisos Financieros y de Administraci\u00f3n, tanto p\u00fablicos como privados<\/p>\n<p>Mar\u00eda Ver\u00f3nica se desempe\u00f1\u00f3 tambi\u00e9n como Asesora Legal de la Presidencia de la Rep\u00fablica de Uruguay, habiendo participado en la defensa del Estado en importantes arbitrajes de inversi\u00f3n, tales como el arbitraje iniciado por la empresa tabacalera Philip Morris Internacional c\/ Uruguay y otros procedimientos llevados adelante ante el CIADI, la PCA, as\u00ed como procedimientos ad hoc. Durante ese tiempo recibi\u00f3 basta formaci\u00f3n en Universidades de USA y Europa, tato en materia de Arbitraje Internacional como de Inversi\u00f3n y form\u00f3 parte de los Grupos de Trabajo de la UNCITRAL y de la OMC en representaci\u00f3n de Uruguay, en los que se debaten y resuelven temas relacionados a inversiones.<\/p>\n<p>Actualmente se desempe\u00f1a en las \u00e1reas de asesoramiento corporativo integral, fusiones y adquisiciones de empresas (M&amp;A) y estructuraci\u00f3n de negocios para empresas locales e internacionales, dedicadas a diferentes actividades, as\u00ed como en la coordinaci\u00f3n y supervisi\u00f3n de los procesos contenciosos en los que puedan verse involucrados los clientes.<\/p>\n\r\n\t\t<\/div>\r\n\t<\/div>\r\n<\/div><\/div><\/div><\/div><div class=\"vc_row wpb_row vc_row-fluid\"><div class=\"wpb_column vc_column_container vc_col-sm-12\"><div class=\"vc_column-inner \"><div class=\"wpb_wrapper\"><div class='dt-sc-hr-invisible-medium '> <\/div><div class='dt-sc-hr-invisible-medium '> <\/div><\/div><\/div><\/div><\/div>\n<\/div>","protected":false},"excerpt":{"rendered":"Conoce Nuestro Equipo Mar\u00eda Ver\u00f3nica Duarte Garc\u00edaDra. en Derecho y Cc. Sociales Mar\u00eda Ver\u00f3nica Duarte Garc\u00eda \u00a0 Dra. en Derecho y Ciencias Sociales \u00a0 Mar\u00eda Ver\u00f3nica cuenta con experiencia de m\u00e1s de 15 a\u00f1os asesorando empresas en el sector p\u00fablico y privado. Es Abogada egresada de la Universidad de la Rep\u00fablica de Uruguay y M\u00e1ster [...]","protected":false},"author":1,"featured_media":0,"parent":0,"menu_order":0,"comment_status":"open","ping_status":"closed","template":"","meta":{"footnotes":""},"class_list":["post-9463","page","type-page","status-publish","hentry"],"_links":{"self":[{"href":"https:\/\/citadelle.uy\/sitio\/wp-json\/wp\/v2\/pages\/9463","targetHints":{"allow":["GET"]}}],"collection":[{"href":"https:\/\/citadelle.uy\/sitio\/wp-json\/wp\/v2\/pages"}],"about":[{"href":"https:\/\/citadelle.uy\/sitio\/wp-json\/wp\/v2\/types\/page"}],"author":[{"embeddable":true,"href":"https:\/\/citadelle.uy\/sitio\/wp-json\/wp\/v2\/users\/1"}],"replies":[{"embeddable":true,"href":"https:\/\/citadelle.uy\/sitio\/wp-json\/wp\/v2\/comments?post=9463"}],"version-history":[{"count":3,"href":"https:\/\/citadelle.uy\/sitio\/wp-json\/wp\/v2\/pages\/9463\/revisions"}],"predecessor-version":[{"id":9472,"href":"https:\/\/citadelle.uy\/sitio\/wp-json\/wp\/v2\/pages\/9463\/revisions\/9472"}],"wp:attachment":[{"href":"https:\/\/citadelle.uy\/sitio\/wp-json\/wp\/v2\/media?parent=9463"}],"curies":[{"name":"wp","href":"https:\/\/api.w.org\/{rel}","templated":true}]}}